{"id":7700,"date":"2026-01-22T22:21:13","date_gmt":"2026-01-22T19:21:13","guid":{"rendered":"https:\/\/ormafood.com\/?post_type=product&#038;p=7700"},"modified":"2026-03-29T10:14:12","modified_gmt":"2026-03-29T07:14:12","slug":"organik-kuru-domates","status":"publish","type":"product","link":"https:\/\/ormafood.com\/index.php\/urun\/organik-kuru-domates\/","title":{"rendered":"Organik Kuru Domates"},"content":{"rendered":"\t\t<div data-elementor-type=\"section\" data-elementor-id=\"7702\" class=\"elementor elementor-7702\">\n\t\t\t<div class=\"elementor-element elementor-element-2ef96125 e-flex e-con-boxed kitify-col-width-auto-no ignore-docs-style-no kitify-disable-relative-no e-root-container elementor-top-section e-con e-parent\" data-id=\"2ef96125\" data-element_type=\"container\">\n\t\t\t\t\t<div class=\"e-con-inner\">\n\t\t\t\t<div class=\"elementor-element elementor-element-7cbfad72 elementor-widget elementor-widget-text-editor\" data-id=\"7cbfad72\" data-element_type=\"widget\" data-widget_type=\"text-editor.default\">\n\t\t\t\t<div class=\"elementor-widget-container\">\n\t\t\t\t\t\t\t\t\t<p><strong>\u0130\u00e7indekiler:<\/strong> Organik Kuru Domates<\/p><p><strong style=\"font-size: inherit;\">Gramaj:<\/strong><span style=\"font-size: inherit;\"> 250g\u212e<\/span><\/p>\t\t\t\t\t\t\t\t<\/div>\n\t\t\t\t<\/div>\n\t\t\t\t\t<\/div>\n\t\t\t\t<\/div>\n\t\t<div class=\"elementor-element elementor-element-1b3dbe48 e-grid e-con-boxed kitify-col-width-auto-no ignore-docs-style-no kitify-disable-relative-no e-root-container elementor-top-section e-con e-parent\" data-id=\"1b3dbe48\" data-element_type=\"container\">\n\t\t\t\t\t<div class=\"e-con-inner\">\n\t\t\t\t<div class=\"elementor-element elementor-element-7ebc56b7 elementor-widget elementor-widget-text-editor\" data-id=\"7ebc56b7\" data-element_type=\"widget\" data-widget_type=\"text-editor.default\">\n\t\t\t\t<div class=\"elementor-widget-container\">\n\t\t\t\t\t\t\t\t\t<p><strong>Orser Kontrol ve Sertifikasyon A.\u015e. taraf\u0131ndan kontrol edilerek sertifikaland\u0131r\u0131lm\u0131\u015ft\u0131r.<\/strong> Bu \u00fcr\u00fcn 5262 say\u0131l\u0131 Organik Tar\u0131m Kanunu ile ilgili Organik Tar\u0131m Esaslar\u0131 ve Uygulanmas\u0131na \u0130li\u015fkin Y\u00f6netmeli\u011fe uygun olarak \u00fcretilmi\u015ftir.<\/p><p>M\u00fcte\u015febbis sertifika numaras\u0131:<br \/>TR-089<\/p>\t\t\t\t\t\t\t\t<\/div>\n\t\t\t\t<\/div>\n\t\t<div class=\"elementor-element elementor-element-62474704 e-grid e-con-full kitify-col-width-auto-no ignore-docs-style-no kitify-disable-relative-no e-con e-child\" data-id=\"62474704\" data-element_type=\"container\">\n\t\t\t\t<div class=\"elementor-element elementor-element-2a020113 elementor-widget elementor-widget-text-editor\" data-id=\"2a020113\" data-element_type=\"widget\" data-widget_type=\"text-editor.default\">\n\t\t\t\t<div class=\"elementor-widget-container\">\n\t\t\t\t\t\t\t\t\t<p style=\"text-align: right;\"><strong>ENERJ\u0130 ve BES\u0130N \u00d6\u011eELER\u0130<\/strong><\/p><p style=\"text-align: right;\">Enerji<br \/>Ya\u011f (Toplam)<br \/>Doymu\u015f Ya\u011f<br \/>Karbonhidrat<br \/>\u015eeker<br \/>Lif<br \/>Protein<br \/>Tuz<\/p>\t\t\t\t\t\t\t\t<\/div>\n\t\t\t\t<\/div>\n\t\t\t\t<div class=\"elementor-element elementor-element-3154d97 elementor-widget elementor-widget-text-editor\" data-id=\"3154d97\" data-element_type=\"widget\" data-widget_type=\"text-editor.default\">\n\t\t\t\t<div class=\"elementor-widget-container\">\n\t\t\t\t\t\t\t\t\t<p><strong>100 gr i\u00e7in<\/strong><\/p><p>728 kJ\/174 kcal<br \/>0.8 gr<br \/>0.2 gr<br \/>28 gr<br \/>13 gr<br \/>12.9gr<br \/>10 gr<br \/>8 gr<\/p>\t\t\t\t\t\t\t\t<\/div>\n\t\t\t\t<\/div>\n\t\t\t\t<\/div>\n\t\t\t\t\t<\/div>\n\t\t\t\t<\/div>\n\t\t\t\t<\/div>\n\t\t\n","protected":false},"excerpt":{"rendered":"","protected":false},"featured_media":7701,"comment_status":"open","ping_status":"closed","template":"","meta":[],"product_brand":[],"product_cat":[51],"product_tag":[110,109,105],"class_list":{"0":"post-7700","1":"product","2":"type-product","3":"status-publish","4":"has-post-thumbnail","6":"product_cat-kuru-meyve","7":"product_tag-domates","8":"product_tag-kuru-domates","9":"product_tag-organik","11":"first","12":"instock","13":"featured","14":"taxable","15":"shipping-taxable","16":"purchasable","17":"product-type-simple"},"_links":{"self":[{"href":"https:\/\/ormafood.com\/index.php\/wp-json\/wp\/v2\/product\/7700","targetHints":{"allow":["GET"]}}],"collection":[{"href":"https:\/\/ormafood.com\/index.php\/wp-json\/wp\/v2\/product"}],"about":[{"href":"https:\/\/ormafood.com\/index.php\/wp-json\/wp\/v2\/types\/product"}],"replies":[{"embeddable":true,"href":"https:\/\/ormafood.com\/index.php\/wp-json\/wp\/v2\/comments?post=7700"}],"wp:featuredmedia":[{"embeddable":true,"href":"https:\/\/ormafood.com\/index.php\/wp-json\/wp\/v2\/media\/7701"}],"wp:attachment":[{"href":"https:\/\/ormafood.com\/index.php\/wp-json\/wp\/v2\/media?parent=7700"}],"wp:term":[{"taxonomy":"product_brand","embeddable":true,"href":"https:\/\/ormafood.com\/index.php\/wp-json\/wp\/v2\/product_brand?post=7700"},{"taxonomy":"product_cat","embeddable":true,"href":"https:\/\/ormafood.com\/index.php\/wp-json\/wp\/v2\/product_cat?post=7700"},{"taxonomy":"product_tag","embeddable":true,"href":"https:\/\/ormafood.com\/index.php\/wp-json\/wp\/v2\/product_tag?post=7700"}],"curies":[{"name":"wp","href":"https:\/\/api.w.org\/{rel}","templated":true}]}}