{"id":7695,"date":"2026-01-22T22:16:01","date_gmt":"2026-01-22T19:16:01","guid":{"rendered":"https:\/\/ormafood.com\/?post_type=product&#038;p=7695"},"modified":"2026-03-29T10:14:43","modified_gmt":"2026-03-29T07:14:43","slug":"organik-kuru-dut","status":"publish","type":"product","link":"https:\/\/ormafood.com\/index.php\/urun\/organik-kuru-dut\/","title":{"rendered":"Organik Kuru Dut"},"content":{"rendered":"\t\t<div data-elementor-type=\"section\" data-elementor-id=\"7697\" class=\"elementor elementor-7697\">\n\t\t\t<div class=\"elementor-element elementor-element-72f9b0bd e-flex e-con-boxed kitify-col-width-auto-no ignore-docs-style-no kitify-disable-relative-no e-root-container elementor-top-section e-con e-parent\" data-id=\"72f9b0bd\" data-element_type=\"container\">\n\t\t\t\t\t<div class=\"e-con-inner\">\n\t\t\t\t<div class=\"elementor-element elementor-element-74edaab0 elementor-widget elementor-widget-text-editor\" data-id=\"74edaab0\" data-element_type=\"widget\" data-widget_type=\"text-editor.default\">\n\t\t\t\t<div class=\"elementor-widget-container\">\n\t\t\t\t\t\t\t\t\t<p><strong>\u0130\u00e7indekiler:<\/strong> Organik Kuru Dut<\/p><p><strong style=\"font-size: inherit;\">Gramaj:<\/strong><span style=\"font-size: inherit;\"> 150g\u212e<\/span><\/p>\t\t\t\t\t\t\t\t<\/div>\n\t\t\t\t<\/div>\n\t\t\t\t\t<\/div>\n\t\t\t\t<\/div>\n\t\t<div class=\"elementor-element elementor-element-1fc61cc5 e-grid e-con-boxed kitify-col-width-auto-no ignore-docs-style-no kitify-disable-relative-no e-root-container elementor-top-section e-con e-parent\" data-id=\"1fc61cc5\" data-element_type=\"container\">\n\t\t\t\t\t<div class=\"e-con-inner\">\n\t\t\t\t<div class=\"elementor-element elementor-element-476d29cd elementor-widget elementor-widget-text-editor\" data-id=\"476d29cd\" data-element_type=\"widget\" data-widget_type=\"text-editor.default\">\n\t\t\t\t<div class=\"elementor-widget-container\">\n\t\t\t\t\t\t\t\t\t<p><strong>Orser Kontrol ve Sertifikasyon A.\u015e. taraf\u0131ndan kontrol edilerek sertifikaland\u0131r\u0131lm\u0131\u015ft\u0131r.<\/strong> Bu \u00fcr\u00fcn 5262 say\u0131l\u0131 Organik Tar\u0131m Kanunu ile ilgili Organik Tar\u0131m Esaslar\u0131 ve Uygulanmas\u0131na \u0130li\u015fkin Y\u00f6netmeli\u011fe uygun olarak \u00fcretilmi\u015ftir.<\/p><p>M\u00fcte\u015febbis sertifika numaras\u0131:<br \/>TR-089<\/p>\t\t\t\t\t\t\t\t<\/div>\n\t\t\t\t<\/div>\n\t\t<div class=\"elementor-element elementor-element-4c00b3e1 e-grid e-con-full kitify-col-width-auto-no ignore-docs-style-no kitify-disable-relative-no e-con e-child\" data-id=\"4c00b3e1\" data-element_type=\"container\">\n\t\t\t\t<div class=\"elementor-element elementor-element-1ede37c2 elementor-widget elementor-widget-text-editor\" data-id=\"1ede37c2\" data-element_type=\"widget\" data-widget_type=\"text-editor.default\">\n\t\t\t\t<div class=\"elementor-widget-container\">\n\t\t\t\t\t\t\t\t\t<p style=\"text-align: right;\"><strong>ENERJ\u0130 ve BES\u0130N \u00d6\u011eELER\u0130<\/strong><\/p><p style=\"text-align: right;\">Enerji<br \/>Karbonhidrat<br \/>\u015eeker<br \/>Lif<br \/>Protein<\/p>\t\t\t\t\t\t\t\t<\/div>\n\t\t\t\t<\/div>\n\t\t\t\t<div class=\"elementor-element elementor-element-e7fea17 elementor-widget elementor-widget-text-editor\" data-id=\"e7fea17\" data-element_type=\"widget\" data-widget_type=\"text-editor.default\">\n\t\t\t\t<div class=\"elementor-widget-container\">\n\t\t\t\t\t\t\t\t\t<p><strong>100 gr i\u00e7in<\/strong><\/p><p>1344kJ\/321 kcal<br \/>75 gr<br \/>43 gr<br \/>8,92 gr<br \/>10,7 gr<\/p>\t\t\t\t\t\t\t\t<\/div>\n\t\t\t\t<\/div>\n\t\t\t\t<\/div>\n\t\t\t\t\t<\/div>\n\t\t\t\t<\/div>\n\t\t\t\t<\/div>\n\t\t\n","protected":false},"excerpt":{"rendered":"","protected":false},"featured_media":7696,"comment_status":"open","ping_status":"closed","template":"","meta":[],"product_brand":[],"product_cat":[51],"product_tag":[106,108,107,105],"class_list":{"0":"post-7695","1":"product","2":"type-product","3":"status-publish","4":"has-post-thumbnail","6":"product_cat-kuru-meyve","7":"product_tag-aci-kayisi","8":"product_tag-aci-kayisi-cekirdegi","9":"product_tag-cekirdek","10":"product_tag-organik","12":"first","13":"instock","14":"featured","15":"taxable","16":"shipping-taxable","17":"purchasable","18":"product-type-simple"},"_links":{"self":[{"href":"https:\/\/ormafood.com\/index.php\/wp-json\/wp\/v2\/product\/7695","targetHints":{"allow":["GET"]}}],"collection":[{"href":"https:\/\/ormafood.com\/index.php\/wp-json\/wp\/v2\/product"}],"about":[{"href":"https:\/\/ormafood.com\/index.php\/wp-json\/wp\/v2\/types\/product"}],"replies":[{"embeddable":true,"href":"https:\/\/ormafood.com\/index.php\/wp-json\/wp\/v2\/comments?post=7695"}],"wp:featuredmedia":[{"embeddable":true,"href":"https:\/\/ormafood.com\/index.php\/wp-json\/wp\/v2\/media\/7696"}],"wp:attachment":[{"href":"https:\/\/ormafood.com\/index.php\/wp-json\/wp\/v2\/media?parent=7695"}],"wp:term":[{"taxonomy":"product_brand","embeddable":true,"href":"https:\/\/ormafood.com\/index.php\/wp-json\/wp\/v2\/product_brand?post=7695"},{"taxonomy":"product_cat","embeddable":true,"href":"https:\/\/ormafood.com\/index.php\/wp-json\/wp\/v2\/product_cat?post=7695"},{"taxonomy":"product_tag","embeddable":true,"href":"https:\/\/ormafood.com\/index.php\/wp-json\/wp\/v2\/product_tag?post=7695"}],"curies":[{"name":"wp","href":"https:\/\/api.w.org\/{rel}","templated":true}]}}