{"id":7685,"date":"2026-01-22T21:55:08","date_gmt":"2026-01-22T18:55:08","guid":{"rendered":"https:\/\/ormafood.com\/?post_type=product&#038;p=7685"},"modified":"2026-03-29T10:16:02","modified_gmt":"2026-03-29T07:16:02","slug":"organik-aci-kayisi-cekirdegi","status":"publish","type":"product","link":"https:\/\/ormafood.com\/index.php\/urun\/organik-aci-kayisi-cekirdegi\/","title":{"rendered":"Organik Ac\u0131 Kay\u0131s\u0131 \u00c7ekirde\u011fi"},"content":{"rendered":"\t\t<div data-elementor-type=\"section\" data-elementor-id=\"7687\" class=\"elementor elementor-7687\">\n\t\t\t<div class=\"elementor-element elementor-element-4e846199 e-flex e-con-boxed kitify-col-width-auto-no ignore-docs-style-no kitify-disable-relative-no e-root-container elementor-top-section e-con e-parent\" data-id=\"4e846199\" data-element_type=\"container\">\n\t\t\t\t\t<div class=\"e-con-inner\">\n\t\t\t\t<div class=\"elementor-element elementor-element-30879c11 elementor-widget elementor-widget-text-editor\" data-id=\"30879c11\" data-element_type=\"widget\" data-widget_type=\"text-editor.default\">\n\t\t\t\t<div class=\"elementor-widget-container\">\n\t\t\t\t\t\t\t\t\t<p><strong>\u0130\u00e7indekiler:<\/strong> Organik Ac\u0131 Kay\u0131s\u0131 \u00c7ekirde\u011fi<\/p><p><strong style=\"font-size: inherit;\">Gramaj:<\/strong><span style=\"font-size: inherit;\"> 100g\u212e<\/span><\/p>\t\t\t\t\t\t\t\t<\/div>\n\t\t\t\t<\/div>\n\t\t\t\t\t<\/div>\n\t\t\t\t<\/div>\n\t\t<div class=\"elementor-element elementor-element-494dca56 e-grid e-con-boxed kitify-col-width-auto-no ignore-docs-style-no kitify-disable-relative-no e-root-container elementor-top-section e-con e-parent\" data-id=\"494dca56\" data-element_type=\"container\">\n\t\t\t\t\t<div class=\"e-con-inner\">\n\t\t\t\t<div class=\"elementor-element elementor-element-5c1da645 elementor-widget elementor-widget-text-editor\" data-id=\"5c1da645\" data-element_type=\"widget\" data-widget_type=\"text-editor.default\">\n\t\t\t\t<div class=\"elementor-widget-container\">\n\t\t\t\t\t\t\t\t\t<p><strong>Orser Kontrol ve Sertifikasyon A.\u015e. taraf\u0131ndan kontrol edilerek sertifikaland\u0131r\u0131lm\u0131\u015ft\u0131r.<\/strong> Bu \u00fcr\u00fcn 5262 say\u0131l\u0131 Organik Tar\u0131m Kanunu ile ilgili Organik Tar\u0131m Esaslar\u0131 ve Uygulanmas\u0131na \u0130li\u015fkin Y\u00f6netmeli\u011fe uygun olarak \u00fcretilmi\u015ftir.<\/p><p>M\u00fcte\u015febbis sertifika numaras\u0131:<br \/>TR-OT-011\/I-44-005<br \/>SZ-2023-1638<\/p>\t\t\t\t\t\t\t\t<\/div>\n\t\t\t\t<\/div>\n\t\t<div class=\"elementor-element elementor-element-6206cc4a e-grid e-con-full kitify-col-width-auto-no ignore-docs-style-no kitify-disable-relative-no e-con e-child\" data-id=\"6206cc4a\" data-element_type=\"container\">\n\t\t\t\t<div class=\"elementor-element elementor-element-3ea7e568 elementor-widget elementor-widget-text-editor\" data-id=\"3ea7e568\" data-element_type=\"widget\" data-widget_type=\"text-editor.default\">\n\t\t\t\t<div class=\"elementor-widget-container\">\n\t\t\t\t\t\t\t\t\t<p style=\"text-align: right;\"><strong>ENERJ\u0130 ve BES\u0130N \u00d6\u011eELER\u0130<\/strong><\/p><p style=\"text-align: right;\">Enerji<br \/>Ya\u011f (Toplam)<br \/>Doymu\u015f Ya\u011f<br \/>Karbonhidrat<br \/>Diyet Lifi<br \/>Protein<\/p>\t\t\t\t\t\t\t\t<\/div>\n\t\t\t\t<\/div>\n\t\t\t\t<div class=\"elementor-element elementor-element-2e676a77 elementor-widget elementor-widget-text-editor\" data-id=\"2e676a77\" data-element_type=\"widget\" data-widget_type=\"text-editor.default\">\n\t\t\t\t<div class=\"elementor-widget-container\">\n\t\t\t\t\t\t\t\t\t<p><strong>100 gr i\u00e7in<\/strong><\/p><p>577 kcal<br \/>48.4 gr<br \/>3.4 gr<br \/>2.5 gr<br \/>17.7 gr<br \/>24.1 gr<\/p>\t\t\t\t\t\t\t\t<\/div>\n\t\t\t\t<\/div>\n\t\t\t\t<\/div>\n\t\t\t\t\t<\/div>\n\t\t\t\t<\/div>\n\t\t\t\t<\/div>\n\t\t\n","protected":false},"excerpt":{"rendered":"","protected":false},"featured_media":7686,"comment_status":"open","ping_status":"closed","template":"","meta":[],"product_brand":[],"product_cat":[51],"product_tag":[106,108,107,105],"class_list":{"0":"post-7685","1":"product","2":"type-product","3":"status-publish","4":"has-post-thumbnail","6":"product_cat-kuru-meyve","7":"product_tag-aci-kayisi","8":"product_tag-aci-kayisi-cekirdegi","9":"product_tag-cekirdek","10":"product_tag-organik","12":"first","13":"instock","14":"featured","15":"taxable","16":"shipping-taxable","17":"purchasable","18":"product-type-simple"},"_links":{"self":[{"href":"https:\/\/ormafood.com\/index.php\/wp-json\/wp\/v2\/product\/7685","targetHints":{"allow":["GET"]}}],"collection":[{"href":"https:\/\/ormafood.com\/index.php\/wp-json\/wp\/v2\/product"}],"about":[{"href":"https:\/\/ormafood.com\/index.php\/wp-json\/wp\/v2\/types\/product"}],"replies":[{"embeddable":true,"href":"https:\/\/ormafood.com\/index.php\/wp-json\/wp\/v2\/comments?post=7685"}],"wp:featuredmedia":[{"embeddable":true,"href":"https:\/\/ormafood.com\/index.php\/wp-json\/wp\/v2\/media\/7686"}],"wp:attachment":[{"href":"https:\/\/ormafood.com\/index.php\/wp-json\/wp\/v2\/media?parent=7685"}],"wp:term":[{"taxonomy":"product_brand","embeddable":true,"href":"https:\/\/ormafood.com\/index.php\/wp-json\/wp\/v2\/product_brand?post=7685"},{"taxonomy":"product_cat","embeddable":true,"href":"https:\/\/ormafood.com\/index.php\/wp-json\/wp\/v2\/product_cat?post=7685"},{"taxonomy":"product_tag","embeddable":true,"href":"https:\/\/ormafood.com\/index.php\/wp-json\/wp\/v2\/product_tag?post=7685"}],"curies":[{"name":"wp","href":"https:\/\/api.w.org\/{rel}","templated":true}]}}