{"id":7537,"date":"2025-05-09T23:57:22","date_gmt":"2025-05-09T20:57:22","guid":{"rendered":"http:\/\/ormafood.com\/?post_type=product&#038;p=7537"},"modified":"2025-10-31T20:40:27","modified_gmt":"2025-10-31T17:40:27","slug":"reyhan-serbeti","status":"publish","type":"product","link":"https:\/\/ormafood.com\/index.php\/urun\/reyhan-serbeti\/","title":{"rendered":"Reyhan \u015eerbeti"},"content":{"rendered":"\t\t<div data-elementor-type=\"section\" data-elementor-id=\"7518\" class=\"elementor elementor-7518\">\n\t\t\t<div class=\"elementor-element elementor-element-3ff2f959 e-flex e-con-boxed kitify-col-width-auto-no ignore-docs-style-no kitify-disable-relative-no e-root-container elementor-top-section e-con e-parent\" data-id=\"3ff2f959\" data-element_type=\"container\">\n\t\t\t\t\t<div class=\"e-con-inner\">\n\t\t\t\t<div class=\"elementor-element elementor-element-7bc97259 elementor-widget elementor-widget-text-editor\" data-id=\"7bc97259\" data-element_type=\"widget\" data-widget_type=\"text-editor.default\">\n\t\t\t\t<div class=\"elementor-widget-container\">\n\t\t\t\t\t\t\t\t\t<p>Meyve \u015eerbeti<\/p><p><strong>\u0130\u00e7indekiler:<\/strong> Reyhan, Pancar \u015eekeri, Limon Tuzu, Karanfil ve Tar\u00e7\u0131n i\u00e7erir.<\/p><p><strong>Gramaj:<\/strong> 2 litre<\/p><p><strong>U.S. FDA Registration No:<\/strong> 12299971818<\/p>\t\t\t\t\t\t\t\t<\/div>\n\t\t\t\t<\/div>\n\t\t\t\t<div class=\"elementor-element elementor-element-5710dbaa elementor-widget elementor-widget-text-editor\" data-id=\"5710dbaa\" data-element_type=\"widget\" data-widget_type=\"text-editor.default\">\n\t\t\t\t<div class=\"elementor-widget-container\">\n\t\t\t\t\t\t\t\t\t<p><img decoding=\"async\" class=\"alignnone size-full wp-image-7480\" src=\"http:\/\/ormafood.com\/wp-content\/uploads\/2023\/10\/icon-6lt.png\" alt=\"\" width=\"190\" height=\"120\" \/> <img decoding=\"async\" class=\"alignnone size-full wp-image-7481\" src=\"http:\/\/ormafood.com\/wp-content\/uploads\/2023\/10\/icon-evyapimi.png\" alt=\"\" width=\"190\" height=\"120\" \/><\/p>\t\t\t\t\t\t\t\t<\/div>\n\t\t\t\t<\/div>\n\t\t\t\t\t<\/div>\n\t\t\t\t<\/div>\n\t\t<div class=\"elementor-element elementor-element-2b731870 e-grid e-con-boxed kitify-col-width-auto-no ignore-docs-style-no kitify-disable-relative-no e-root-container elementor-top-section e-con e-parent\" data-id=\"2b731870\" data-element_type=\"container\">\n\t\t\t\t\t<div class=\"e-con-inner\">\n\t\t\t\t<div class=\"elementor-element elementor-element-3a034e4b elementor-widget elementor-widget-text-editor\" data-id=\"3a034e4b\" data-element_type=\"widget\" data-widget_type=\"text-editor.default\">\n\t\t\t\t<div class=\"elementor-widget-container\">\n\t\t\t\t\t\t\t\t\t<p><strong>UYARILAR<\/strong><\/p><ul><li><p>Alkols\u00fcz i\u00e7ecekler tebli\u011fine uygun olarak \u00fcretilmi\u015ftir.<\/p><\/li><li><p>+4 derecede suland\u0131rd\u0131ktan sonra 5 g\u00fcn i\u00e7erisinde t\u00fcketilmelidir.<\/p><\/li><li><p>-18 derecede g\u00fcne\u015f g\u00f6rmeyen ve serin yerde saklay\u0131n\u0131z.<\/p><\/li><\/ul>\t\t\t\t\t\t\t\t<\/div>\n\t\t\t\t<\/div>\n\t\t<div class=\"elementor-element elementor-element-3de8fd09 e-grid e-con-full kitify-col-width-auto-no ignore-docs-style-no kitify-disable-relative-no e-con e-child\" data-id=\"3de8fd09\" data-element_type=\"container\">\n\t\t\t\t<div class=\"elementor-element elementor-element-146e1560 elementor-widget elementor-widget-text-editor\" data-id=\"146e1560\" data-element_type=\"widget\" data-widget_type=\"text-editor.default\">\n\t\t\t\t<div class=\"elementor-widget-container\">\n\t\t\t\t\t\t\t\t\t<p style=\"text-align: right;\"><strong>ENERJ\u0130 ve BES\u0130N \u00d6\u011eELER\u0130<\/strong><\/p><p style=\"text-align: right;\">Enerji (ki\/kcal)<br \/>Protein (gr)<br \/>Karbonhidrat (gr)<br \/>Ya\u011f (gr)<br \/>Lif (gr)<\/p>\t\t\t\t\t\t\t\t<\/div>\n\t\t\t\t<\/div>\n\t\t\t\t<div class=\"elementor-element elementor-element-67eec61e elementor-widget elementor-widget-text-editor\" data-id=\"67eec61e\" data-element_type=\"widget\" data-widget_type=\"text-editor.default\">\n\t\t\t\t<div class=\"elementor-widget-container\">\n\t\t\t\t\t\t\t\t\t<p><strong>100 gr i\u00e7in<\/strong><\/p><p>24<br \/>0,1<br \/>5,6<br \/>0<br \/>0,1<\/p>\t\t\t\t\t\t\t\t<\/div>\n\t\t\t\t<\/div>\n\t\t\t\t<\/div>\n\t\t\t\t\t<\/div>\n\t\t\t\t<\/div>\n\t\t\t\t<\/div>\n\t\t\n","protected":false},"excerpt":{"rendered":"<p>Orma Reyhan \u015eerbeti; reyhan, karanfil ve tar\u00e7\u0131n\u0131n geleneksel aromalar\u0131n\u0131 bir araya getiren, katk\u0131 maddesi i\u00e7ermeyen ve ev yap\u0131m\u0131 tad\u0131nda serinletici bir i\u00e7ecektir.<\/p>\n","protected":false},"featured_media":7497,"comment_status":"open","ping_status":"closed","template":"","meta":[],"product_brand":[],"product_cat":[43],"product_tag":[101,103,100,102],"class_list":{"0":"post-7537","1":"product","2":"type-product","3":"status-publish","4":"has-post-thumbnail","6":"product_cat-meyve-suyu","7":"product_tag-mor-reyhan","8":"product_tag-mor-reyhan-serbeti","9":"product_tag-reyhan","10":"product_tag-reyhan-serbeti","12":"first","13":"instock","14":"taxable","15":"shipping-taxable","16":"purchasable","17":"product-type-simple"},"_links":{"self":[{"href":"https:\/\/ormafood.com\/index.php\/wp-json\/wp\/v2\/product\/7537","targetHints":{"allow":["GET"]}}],"collection":[{"href":"https:\/\/ormafood.com\/index.php\/wp-json\/wp\/v2\/product"}],"about":[{"href":"https:\/\/ormafood.com\/index.php\/wp-json\/wp\/v2\/types\/product"}],"replies":[{"embeddable":true,"href":"https:\/\/ormafood.com\/index.php\/wp-json\/wp\/v2\/comments?post=7537"}],"wp:featuredmedia":[{"embeddable":true,"href":"https:\/\/ormafood.com\/index.php\/wp-json\/wp\/v2\/media\/7497"}],"wp:attachment":[{"href":"https:\/\/ormafood.com\/index.php\/wp-json\/wp\/v2\/media?parent=7537"}],"wp:term":[{"taxonomy":"product_brand","embeddable":true,"href":"https:\/\/ormafood.com\/index.php\/wp-json\/wp\/v2\/product_brand?post=7537"},{"taxonomy":"product_cat","embeddable":true,"href":"https:\/\/ormafood.com\/index.php\/wp-json\/wp\/v2\/product_cat?post=7537"},{"taxonomy":"product_tag","embeddable":true,"href":"https:\/\/ormafood.com\/index.php\/wp-json\/wp\/v2\/product_tag?post=7537"}],"curies":[{"name":"wp","href":"https:\/\/api.w.org\/{rel}","templated":true}]}}