{"id":7534,"date":"2025-05-09T23:54:20","date_gmt":"2025-05-09T20:54:20","guid":{"rendered":"http:\/\/ormafood.com\/?post_type=product&#038;p=7534"},"modified":"2025-10-31T15:54:23","modified_gmt":"2025-10-31T12:54:23","slug":"portakal-suyu","status":"publish","type":"product","link":"https:\/\/ormafood.com\/index.php\/urun\/portakal-suyu\/","title":{"rendered":"Portakal Suyu"},"content":{"rendered":"\t\t<div data-elementor-type=\"section\" data-elementor-id=\"7513\" class=\"elementor elementor-7513\">\n\t\t\t<div class=\"elementor-element elementor-element-43fc2198 e-flex e-con-boxed kitify-col-width-auto-no ignore-docs-style-no kitify-disable-relative-no e-root-container elementor-top-section e-con e-parent\" data-id=\"43fc2198\" data-element_type=\"container\">\n\t\t\t\t\t<div class=\"e-con-inner\">\n\t\t\t\t<div class=\"elementor-element elementor-element-157c4713 elementor-widget elementor-widget-text-editor\" data-id=\"157c4713\" data-element_type=\"widget\" data-widget_type=\"text-editor.default\">\n\t\t\t\t<div class=\"elementor-widget-container\">\n\t\t\t\t\t\t\t\t\t<p>Meyve Suyu \u00d6z\u00fct\u00fc<\/p><p><strong>\u0130\u00e7indekiler:<\/strong> S\u0131k\u0131lm\u0131\u015f Portakal Suyu.<\/p><p><strong>Gramaj:<\/strong> 2 litre<\/p><p><strong>U.S. FDA Registration No:<\/strong> 12299971818<\/p>\t\t\t\t\t\t\t\t<\/div>\n\t\t\t\t<\/div>\n\t\t\t\t<div class=\"elementor-element elementor-element-55b17065 elementor-widget elementor-widget-text-editor\" data-id=\"55b17065\" data-element_type=\"widget\" data-widget_type=\"text-editor.default\">\n\t\t\t\t<div class=\"elementor-widget-container\">\n\t\t\t\t\t\t\t\t\t<p>\u00a0<img decoding=\"async\" class=\"alignnone size-full wp-image-7481\" src=\"http:\/\/ormafood.com\/wp-content\/uploads\/2023\/10\/icon-evyapimi.png\" alt=\"\" width=\"190\" height=\"120\" \/><\/p>\t\t\t\t\t\t\t\t<\/div>\n\t\t\t\t<\/div>\n\t\t\t\t\t<\/div>\n\t\t\t\t<\/div>\n\t\t<div class=\"elementor-element elementor-element-483dabad e-grid e-con-boxed kitify-col-width-auto-no ignore-docs-style-no kitify-disable-relative-no e-root-container elementor-top-section e-con e-parent\" data-id=\"483dabad\" data-element_type=\"container\">\n\t\t\t\t\t<div class=\"e-con-inner\">\n\t\t\t\t<div class=\"elementor-element elementor-element-45dca104 elementor-widget elementor-widget-text-editor\" data-id=\"45dca104\" data-element_type=\"widget\" data-widget_type=\"text-editor.default\">\n\t\t\t\t<div class=\"elementor-widget-container\">\n\t\t\t\t\t\t\t\t\t<p><strong>UYARILAR<\/strong><\/p><ul><li><p>Alkols\u00fcz i\u00e7ecekler tebli\u011fine uygun olarak \u00fcretilmi\u015ftir.<\/p><\/li><li><p>+4 derecede suland\u0131rd\u0131ktan sonra 5 g\u00fcn i\u00e7erisinde t\u00fcketilmelidir.<\/p><\/li><li><p>-18 derecede g\u00fcne\u015f g\u00f6rmeyen ve serin yerde saklay\u0131n\u0131z.<\/p><\/li><\/ul>\t\t\t\t\t\t\t\t<\/div>\n\t\t\t\t<\/div>\n\t\t<div class=\"elementor-element elementor-element-50a6d6ed e-grid e-con-full kitify-col-width-auto-no ignore-docs-style-no kitify-disable-relative-no e-con e-child\" data-id=\"50a6d6ed\" data-element_type=\"container\">\n\t\t\t\t<div class=\"elementor-element elementor-element-51643316 elementor-widget elementor-widget-text-editor\" data-id=\"51643316\" data-element_type=\"widget\" data-widget_type=\"text-editor.default\">\n\t\t\t\t<div class=\"elementor-widget-container\">\n\t\t\t\t\t\t\t\t\t<p style=\"text-align: right;\"><strong>ENERJ\u0130 ve BES\u0130N \u00d6\u011eELER\u0130<\/strong><\/p><p style=\"text-align: right;\">Enerji (ki\/kcal)<br \/>Protein (gr)<br \/>Karbonhidrat (gr)<br \/>Ya\u011f (gr)<\/p>\t\t\t\t\t\t\t\t<\/div>\n\t\t\t\t<\/div>\n\t\t\t\t<div class=\"elementor-element elementor-element-4419b18f elementor-widget elementor-widget-text-editor\" data-id=\"4419b18f\" data-element_type=\"widget\" data-widget_type=\"text-editor.default\">\n\t\t\t\t<div class=\"elementor-widget-container\">\n\t\t\t\t\t\t\t\t\t<p><strong>100 gr i\u00e7in<\/strong><\/p><p>50<br \/>0,6<br \/>10,9<br \/>0,21<\/p>\t\t\t\t\t\t\t\t<\/div>\n\t\t\t\t<\/div>\n\t\t\t\t<\/div>\n\t\t\t\t\t<\/div>\n\t\t\t\t<\/div>\n\t\t\t\t<\/div>\n\t\t\n","protected":false},"excerpt":{"rendered":"<p>Orma Portakal Suyu; taze s\u0131k\u0131lm\u0131\u015f portakallardan elde edilen, katk\u0131 maddesi i\u00e7ermeyen ve do\u011fal vitamin de\u011ferini koruyan saf bir i\u00e7ecek se\u00e7ene\u011fidir.<\/p>\n","protected":false},"featured_media":7494,"comment_status":"open","ping_status":"closed","template":"","meta":[],"product_brand":[],"product_cat":[43],"product_tag":[91,97],"class_list":{"0":"post-7534","1":"product","2":"type-product","3":"status-publish","4":"has-post-thumbnail","6":"product_cat-meyve-suyu","7":"product_tag-portakal","8":"product_tag-portakal-suyu","10":"first","11":"instock","12":"taxable","13":"shipping-taxable","14":"purchasable","15":"product-type-simple"},"_links":{"self":[{"href":"https:\/\/ormafood.com\/index.php\/wp-json\/wp\/v2\/product\/7534","targetHints":{"allow":["GET"]}}],"collection":[{"href":"https:\/\/ormafood.com\/index.php\/wp-json\/wp\/v2\/product"}],"about":[{"href":"https:\/\/ormafood.com\/index.php\/wp-json\/wp\/v2\/types\/product"}],"replies":[{"embeddable":true,"href":"https:\/\/ormafood.com\/index.php\/wp-json\/wp\/v2\/comments?post=7534"}],"wp:featuredmedia":[{"embeddable":true,"href":"https:\/\/ormafood.com\/index.php\/wp-json\/wp\/v2\/media\/7494"}],"wp:attachment":[{"href":"https:\/\/ormafood.com\/index.php\/wp-json\/wp\/v2\/media?parent=7534"}],"wp:term":[{"taxonomy":"product_brand","embeddable":true,"href":"https:\/\/ormafood.com\/index.php\/wp-json\/wp\/v2\/product_brand?post=7534"},{"taxonomy":"product_cat","embeddable":true,"href":"https:\/\/ormafood.com\/index.php\/wp-json\/wp\/v2\/product_cat?post=7534"},{"taxonomy":"product_tag","embeddable":true,"href":"https:\/\/ormafood.com\/index.php\/wp-json\/wp\/v2\/product_tag?post=7534"}],"curies":[{"name":"wp","href":"https:\/\/api.w.org\/{rel}","templated":true}]}}