{"id":7532,"date":"2025-05-09T23:50:58","date_gmt":"2025-05-09T20:50:58","guid":{"rendered":"http:\/\/ormafood.com\/?post_type=product&#038;p=7532"},"modified":"2025-07-11T14:55:41","modified_gmt":"2025-07-11T11:55:41","slug":"cilekli-limonata","status":"publish","type":"product","link":"https:\/\/ormafood.com\/index.php\/urun\/cilekli-limonata\/","title":{"rendered":"\u00c7ilekli Limonata"},"content":{"rendered":"\t\t<div data-elementor-type=\"section\" data-elementor-id=\"7522\" class=\"elementor elementor-7522\">\n\t\t\t<div class=\"elementor-element elementor-element-5cf2b3b3 e-flex e-con-boxed kitify-col-width-auto-no ignore-docs-style-no kitify-disable-relative-no e-root-container elementor-top-section e-con e-parent\" data-id=\"5cf2b3b3\" data-element_type=\"container\">\n\t\t\t\t\t<div class=\"e-con-inner\">\n\t\t\t\t<div class=\"elementor-element elementor-element-22891449 elementor-widget elementor-widget-text-editor\" data-id=\"22891449\" data-element_type=\"widget\" data-widget_type=\"text-editor.default\">\n\t\t\t\t<div class=\"elementor-widget-container\">\n\t\t\t\t\t\t\t\t\t<p>Meyve Suyu \u00d6z\u00fct\u00fc<\/p><p><strong>\u0130\u00e7indekiler:<\/strong> XXX<\/p><p><strong style=\"font-size: inherit;\">Gramaj:<\/strong><span style=\"font-size: inherit;\"> 2 litre<\/span><\/p><p><strong>U.S. FDA Registration No:<\/strong> 12299971818<\/p>\t\t\t\t\t\t\t\t<\/div>\n\t\t\t\t<\/div>\n\t\t\t\t<div class=\"elementor-element elementor-element-7e47a739 elementor-widget elementor-widget-text-editor\" data-id=\"7e47a739\" data-element_type=\"widget\" data-widget_type=\"text-editor.default\">\n\t\t\t\t<div class=\"elementor-widget-container\">\n\t\t\t\t\t\t\t\t\t<p><img decoding=\"async\" class=\"alignnone size-full wp-image-7480\" src=\"http:\/\/ormafood.com\/wp-content\/uploads\/2023\/10\/icon-6lt.png\" alt=\"\" width=\"190\" height=\"120\" \/> <img decoding=\"async\" class=\"alignnone size-full wp-image-7481\" src=\"http:\/\/ormafood.com\/wp-content\/uploads\/2023\/10\/icon-evyapimi.png\" alt=\"\" width=\"190\" height=\"120\" \/><\/p>\t\t\t\t\t\t\t\t<\/div>\n\t\t\t\t<\/div>\n\t\t\t\t\t<\/div>\n\t\t\t\t<\/div>\n\t\t<div class=\"elementor-element elementor-element-7fae45a7 e-grid e-con-boxed kitify-col-width-auto-no ignore-docs-style-no kitify-disable-relative-no e-root-container elementor-top-section e-con e-parent\" data-id=\"7fae45a7\" data-element_type=\"container\">\n\t\t\t\t\t<div class=\"e-con-inner\">\n\t\t\t\t<div class=\"elementor-element elementor-element-1a0b5977 elementor-widget elementor-widget-text-editor\" data-id=\"1a0b5977\" data-element_type=\"widget\" data-widget_type=\"text-editor.default\">\n\t\t\t\t<div class=\"elementor-widget-container\">\n\t\t\t\t\t\t\t\t\t<p><strong>UYARILAR<\/strong><\/p><ul><li><p>Alkols\u00fcz i\u00e7ecekler tebli\u011fine uygun olarak \u00fcretilmi\u015ftir.<\/p><\/li><li><p>+4 derecede suland\u0131rd\u0131ktan sonra 5 g\u00fcn i\u00e7erisinde t\u00fcketilmelidir.<\/p><\/li><li><p>-18 derecede g\u00fcne\u015f g\u00f6rmeyen ve serin yerde saklay\u0131n\u0131z.<\/p><\/li><\/ul>\t\t\t\t\t\t\t\t<\/div>\n\t\t\t\t<\/div>\n\t\t<div class=\"elementor-element elementor-element-131c13fd e-grid e-con-full kitify-col-width-auto-no ignore-docs-style-no kitify-disable-relative-no e-con e-child\" data-id=\"131c13fd\" data-element_type=\"container\">\n\t\t\t\t<div class=\"elementor-element elementor-element-20213b18 elementor-widget elementor-widget-text-editor\" data-id=\"20213b18\" data-element_type=\"widget\" data-widget_type=\"text-editor.default\">\n\t\t\t\t<div class=\"elementor-widget-container\">\n\t\t\t\t\t\t\t\t\t<p style=\"text-align: right;\"><strong>ENERJ\u0130 ve BES\u0130N \u00d6\u011eELER\u0130<\/strong><\/p><p style=\"text-align: right;\">Enerji (ki\/kcal)<br \/>\u015eeker (gr)<br \/>Ya\u011f (gr)<br \/>Karbonhidrat (gr)<br \/>Protein (gr)<br \/>Doymu\u015f Ya\u011f (gr)<br \/>Tuz (mg)<\/p>\t\t\t\t\t\t\t\t<\/div>\n\t\t\t\t<\/div>\n\t\t\t\t<div class=\"elementor-element elementor-element-69470d8d elementor-widget elementor-widget-text-editor\" data-id=\"69470d8d\" data-element_type=\"widget\" data-widget_type=\"text-editor.default\">\n\t\t\t\t<div class=\"elementor-widget-container\">\n\t\t\t\t\t\t\t\t\t<p><strong>100 gr i\u00e7in<\/strong><\/p><p>55<br \/>9,8<br \/>0.14<br \/>12<br \/>0,4<br \/>0,08<br \/>0,0<\/p>\t\t\t\t\t\t\t\t<\/div>\n\t\t\t\t<\/div>\n\t\t\t\t<\/div>\n\t\t\t\t\t<\/div>\n\t\t\t\t<\/div>\n\t\t\t\t<\/div>\n\t\t\n","protected":false},"excerpt":{"rendered":"<p>Orma \u00c7ilekli Limonata; taptaze \u00e7ilek p\u00fcresi ve limonun e\u015fsiz uyumuyla haz\u0131rlanan, do\u011fal i\u00e7eri\u011fiyle ferahlatan ve katk\u0131s\u0131z serinli\u011fin k\u0131rm\u0131z\u0131 hali.<\/p>\n","protected":false},"featured_media":7491,"comment_status":"open","ping_status":"closed","template":"","meta":[],"product_brand":[],"product_cat":[43],"product_tag":[95,94],"class_list":{"0":"post-7532","1":"product","2":"type-product","3":"status-publish","4":"has-post-thumbnail","6":"product_cat-meyve-suyu","7":"product_tag-cilek","8":"product_tag-limonata","10":"first","11":"instock","12":"taxable","13":"shipping-taxable","14":"purchasable","15":"product-type-simple"},"_links":{"self":[{"href":"https:\/\/ormafood.com\/index.php\/wp-json\/wp\/v2\/product\/7532","targetHints":{"allow":["GET"]}}],"collection":[{"href":"https:\/\/ormafood.com\/index.php\/wp-json\/wp\/v2\/product"}],"about":[{"href":"https:\/\/ormafood.com\/index.php\/wp-json\/wp\/v2\/types\/product"}],"replies":[{"embeddable":true,"href":"https:\/\/ormafood.com\/index.php\/wp-json\/wp\/v2\/comments?post=7532"}],"wp:featuredmedia":[{"embeddable":true,"href":"https:\/\/ormafood.com\/index.php\/wp-json\/wp\/v2\/media\/7491"}],"wp:attachment":[{"href":"https:\/\/ormafood.com\/index.php\/wp-json\/wp\/v2\/media?parent=7532"}],"wp:term":[{"taxonomy":"product_brand","embeddable":true,"href":"https:\/\/ormafood.com\/index.php\/wp-json\/wp\/v2\/product_brand?post=7532"},{"taxonomy":"product_cat","embeddable":true,"href":"https:\/\/ormafood.com\/index.php\/wp-json\/wp\/v2\/product_cat?post=7532"},{"taxonomy":"product_tag","embeddable":true,"href":"https:\/\/ormafood.com\/index.php\/wp-json\/wp\/v2\/product_tag?post=7532"}],"curies":[{"name":"wp","href":"https:\/\/api.w.org\/{rel}","templated":true}]}}