{"id":7486,"date":"2025-05-07T22:37:28","date_gmt":"2025-05-07T19:37:28","guid":{"rendered":"http:\/\/ormafood.com\/?post_type=product&#038;p=7486"},"modified":"2026-01-09T12:34:28","modified_gmt":"2026-01-09T09:34:28","slug":"kuru-meyve","status":"publish","type":"product","link":"https:\/\/ormafood.com\/index.php\/urun\/kuru-meyve\/","title":{"rendered":"Kuru Meyve"},"content":{"rendered":"\t\t<div data-elementor-type=\"section\" data-elementor-id=\"101\" class=\"elementor elementor-101\">\n\t\t\t<div class=\"elementor-element elementor-element-eb43277 e-flex e-con-boxed kitify-col-width-auto-no ignore-docs-style-no kitify-disable-relative-no e-root-container elementor-top-section e-con e-parent\" data-id=\"eb43277\" data-element_type=\"container\">\n\t\t\t\t\t<div class=\"e-con-inner\">\n\t\t\t\t<div class=\"elementor-element elementor-element-6620214 elementor-widget elementor-widget-text-editor\" data-id=\"6620214\" data-element_type=\"widget\" data-widget_type=\"text-editor.default\">\n\t\t\t\t<div class=\"elementor-widget-container\">\n\t\t\t\t\t\t\t\t\t<p><strong>\u0130\u00e7indekiler:<\/strong> Portakal, K\u0131rm\u0131z\u0131 Ayva, Havu\u00e7, Ye\u015fil \u0130ncir, Naturel Ayva, Limon, Ni\u015fasta, E202 (Potasyum Sorbat), Sitrik Asit, Pirin\u00e7 Unu ve Pudra \u015eekeri.<\/p><p><strong>Gramaj:<\/strong> 250g\u212e<\/p><p><strong>U.S. FDA Registration No:<\/strong> 12299971818<\/p>\t\t\t\t\t\t\t\t<\/div>\n\t\t\t\t<\/div>\n\t\t\t\t<div class=\"elementor-element elementor-element-3917937 elementor-widget elementor-widget-text-editor\" data-id=\"3917937\" data-element_type=\"widget\" data-widget_type=\"text-editor.default\">\n\t\t\t\t<div class=\"elementor-widget-container\">\n\t\t\t\t\t\t\t\t\t<p><img decoding=\"async\" class=\"alignnone size-full wp-image-7484\" src=\"http:\/\/ormafood.com\/wp-content\/uploads\/2023\/10\/icon-vegan.png\" alt=\"\" width=\"190\" height=\"120\" \/><img decoding=\"async\" class=\"alignnone size-full wp-image-7483\" src=\"http:\/\/ormafood.com\/wp-content\/uploads\/2023\/10\/icon-serin.png\" alt=\"\" width=\"190\" height=\"120\" \/><\/p>\t\t\t\t\t\t\t\t<\/div>\n\t\t\t\t<\/div>\n\t\t\t\t\t<\/div>\n\t\t\t\t<\/div>\n\t\t<div class=\"elementor-element elementor-element-e66978f e-grid e-con-boxed kitify-col-width-auto-no ignore-docs-style-no kitify-disable-relative-no e-root-container elementor-top-section e-con e-parent\" data-id=\"e66978f\" data-element_type=\"container\">\n\t\t\t\t\t<div class=\"e-con-inner\">\n\t\t\t\t<div class=\"elementor-element elementor-element-2c54152 elementor-widget elementor-widget-text-editor\" data-id=\"2c54152\" data-element_type=\"widget\" data-widget_type=\"text-editor.default\">\n\t\t\t\t<div class=\"elementor-widget-container\">\n\t\t\t\t\t\t\t\t\t<p><strong>MEYVE \u00c7E\u015e\u0130TLER\u0130<\/strong><\/p><ul><li>PORTAKAL KABU\u011eU<\/li><li>HAVU\u00c7<\/li><li>KIRMIZI AYVA<\/li><li>NATUREL AYVA<\/li><li>YE\u015e\u0130L \u0130NC\u0130R<\/li><li>L\u0130MON KABU\u011eU<\/li><li>KAYISI<\/li><li>V\u0130\u015eNE<\/li><li>KURU \u0130NC\u0130R<\/li><li>KARI\u015eIK (M\u0130KS)<\/li><li>MUZ<\/li><li>K\u0130V\u0130<\/li><li>H\u0130ND\u0130STAN CEV\u0130Z\u0130<\/li><li>ELMA<\/li><li>KARAMEL<\/li><li>HURMA<\/li><\/ul>\t\t\t\t\t\t\t\t<\/div>\n\t\t\t\t<\/div>\n\t\t\t\t<div class=\"elementor-element elementor-element-954ebb1 elementor-widget elementor-widget-text-editor\" data-id=\"954ebb1\" data-element_type=\"widget\" data-widget_type=\"text-editor.default\">\n\t\t\t\t<div class=\"elementor-widget-container\">\n\t\t\t\t\t\t\t\t\t<p><strong>KES\u0130M EBATLARI<\/strong><\/p><ul><li>1&#215;3 mm<\/li><li>2&#215;4 mm<\/li><li>3&#215;5 mm<\/li><li>6&#215;6 mm<\/li><li>6&#215;8 mm<\/li><li>8&#215;10 mm<\/li><li>10&#215;10 mm<\/li><\/ul>\t\t\t\t\t\t\t\t<\/div>\n\t\t\t\t<\/div>\n\t\t\t\t\t<\/div>\n\t\t\t\t<\/div>\n\t\t\t\t<\/div>\n\t\t\n","protected":false},"excerpt":{"rendered":"<p>Orma\u2019n\u0131n \u00f6zenle se\u00e7ilmi\u015f meyvelerinden haz\u0131rlanan kuru meyve \u015fekerlemeleri; rengini do\u011fadan, lezzetini ise katk\u0131s\u0131z i\u00e7eri\u011finden alarak her lokmada sa\u011fl\u0131kl\u0131 ve do\u011fal bir at\u0131\u015ft\u0131rmal\u0131k sunar.<\/p>\n","protected":false},"featured_media":7487,"comment_status":"open","ping_status":"closed","template":"","meta":[],"product_brand":[],"product_cat":[51],"product_tag":[79,80,93,92,91,82],"class_list":{"0":"post-7486","1":"product","2":"type-product","3":"status-publish","4":"has-post-thumbnail","6":"product_cat-kuru-meyve","7":"product_tag-havuc","8":"product_tag-kirmizi-ayva","9":"product_tag-limon","10":"product_tag-naturel-ayva","11":"product_tag-portakal","12":"product_tag-yesil-incir","14":"first","15":"instock","16":"taxable","17":"shipping-taxable","18":"purchasable","19":"product-type-simple"},"_links":{"self":[{"href":"https:\/\/ormafood.com\/index.php\/wp-json\/wp\/v2\/product\/7486","targetHints":{"allow":["GET"]}}],"collection":[{"href":"https:\/\/ormafood.com\/index.php\/wp-json\/wp\/v2\/product"}],"about":[{"href":"https:\/\/ormafood.com\/index.php\/wp-json\/wp\/v2\/types\/product"}],"replies":[{"embeddable":true,"href":"https:\/\/ormafood.com\/index.php\/wp-json\/wp\/v2\/comments?post=7486"}],"wp:featuredmedia":[{"embeddable":true,"href":"https:\/\/ormafood.com\/index.php\/wp-json\/wp\/v2\/media\/7487"}],"wp:attachment":[{"href":"https:\/\/ormafood.com\/index.php\/wp-json\/wp\/v2\/media?parent=7486"}],"wp:term":[{"taxonomy":"product_brand","embeddable":true,"href":"https:\/\/ormafood.com\/index.php\/wp-json\/wp\/v2\/product_brand?post=7486"},{"taxonomy":"product_cat","embeddable":true,"href":"https:\/\/ormafood.com\/index.php\/wp-json\/wp\/v2\/product_cat?post=7486"},{"taxonomy":"product_tag","embeddable":true,"href":"https:\/\/ormafood.com\/index.php\/wp-json\/wp\/v2\/product_tag?post=7486"}],"curies":[{"name":"wp","href":"https:\/\/api.w.org\/{rel}","templated":true}]}}