{"id":7237,"date":"2025-05-07T01:35:27","date_gmt":"2025-05-06T22:35:27","guid":{"rendered":"http:\/\/ormafood.com\/?post_type=product&#038;p=7237"},"modified":"2026-03-29T10:16:23","modified_gmt":"2026-03-29T07:16:23","slug":"organik-gun-kurusu-kayisi","status":"publish","type":"product","link":"https:\/\/ormafood.com\/index.php\/urun\/organik-gun-kurusu-kayisi\/","title":{"rendered":"Organik G\u00fcn Kurusu Kay\u0131s\u0131"},"content":{"rendered":"\t\t<div data-elementor-type=\"section\" data-elementor-id=\"7504\" class=\"elementor elementor-7504\">\n\t\t\t<div class=\"elementor-element elementor-element-5bd0b263 e-flex e-con-boxed kitify-col-width-auto-no ignore-docs-style-no kitify-disable-relative-no e-root-container elementor-top-section e-con e-parent\" data-id=\"5bd0b263\" data-element_type=\"container\">\n\t\t\t\t\t<div class=\"e-con-inner\">\n\t\t\t\t<div class=\"elementor-element elementor-element-5aa6be38 elementor-widget elementor-widget-text-editor\" data-id=\"5aa6be38\" data-element_type=\"widget\" data-widget_type=\"text-editor.default\">\n\t\t\t\t<div class=\"elementor-widget-container\">\n\t\t\t\t\t\t\t\t\t<p><strong>\u0130\u00e7indekiler:<\/strong> G\u00fcne\u015fte Kurutulmu\u015f Organik Kay\u0131s\u0131.<\/p><p><strong>Gramaj:<\/strong> 210g\u212e<\/p><p><strong>U.S. FDA Registration No:<\/strong> 12299971818<\/p>\t\t\t\t\t\t\t\t<\/div>\n\t\t\t\t<\/div>\n\t\t\t\t<div class=\"elementor-element elementor-element-2d96aed4 elementor-widget elementor-widget-text-editor\" data-id=\"2d96aed4\" data-element_type=\"widget\" data-widget_type=\"text-editor.default\">\n\t\t\t\t<div class=\"elementor-widget-container\">\n\t\t\t\t\t\t\t\t\t<p><img decoding=\"async\" class=\"alignnone size-full wp-image-7484\" src=\"http:\/\/ormafood.com\/wp-content\/uploads\/2023\/10\/icon-vegan.png\" alt=\"\" width=\"190\" height=\"120\" \/><img decoding=\"async\" class=\"alignnone size-full wp-image-7482\" src=\"http:\/\/ormafood.com\/wp-content\/uploads\/2023\/10\/icon-organik.png\" alt=\"\" width=\"190\" height=\"120\" \/><\/p>\t\t\t\t\t\t\t\t<\/div>\n\t\t\t\t<\/div>\n\t\t\t\t\t<\/div>\n\t\t\t\t<\/div>\n\t\t\t\t<\/div>\n\t\t\n","protected":false},"excerpt":{"rendered":"<p>Malatya\u2019n\u0131n g\u00fcne\u015fiyle kurutulmu\u015f, katk\u0131s\u0131z ve organik Orma G\u00fcn Kurusu Kay\u0131s\u0131; do\u011fan\u0131n sundu\u011fu en do\u011fal tatlardan biri olarak sa\u011fl\u0131kl\u0131 at\u0131\u015ft\u0131rmal\u0131\u011f\u0131n en saf halidir.<\/p>\n","protected":false},"featured_media":7468,"comment_status":"open","ping_status":"closed","template":"","meta":[],"product_brand":[],"product_cat":[51],"product_tag":[76,74,71,75,73,72],"class_list":{"0":"post-7237","1":"product","2":"type-product","3":"status-publish","4":"has-post-thumbnail","6":"product_cat-kuru-meyve","7":"product_tag-gun-kurusu","8":"product_tag-gun-kurusu-kayisi","9":"product_tag-kuru-kayisi","10":"product_tag-malatya-gun-kurusu","11":"product_tag-malatya-kayisisi","12":"product_tag-malatya-kuru-kayisi","14":"first","15":"instock","16":"taxable","17":"shipping-taxable","18":"purchasable","19":"product-type-simple"},"_links":{"self":[{"href":"https:\/\/ormafood.com\/index.php\/wp-json\/wp\/v2\/product\/7237","targetHints":{"allow":["GET"]}}],"collection":[{"href":"https:\/\/ormafood.com\/index.php\/wp-json\/wp\/v2\/product"}],"about":[{"href":"https:\/\/ormafood.com\/index.php\/wp-json\/wp\/v2\/types\/product"}],"replies":[{"embeddable":true,"href":"https:\/\/ormafood.com\/index.php\/wp-json\/wp\/v2\/comments?post=7237"}],"wp:featuredmedia":[{"embeddable":true,"href":"https:\/\/ormafood.com\/index.php\/wp-json\/wp\/v2\/media\/7468"}],"wp:attachment":[{"href":"https:\/\/ormafood.com\/index.php\/wp-json\/wp\/v2\/media?parent=7237"}],"wp:term":[{"taxonomy":"product_brand","embeddable":true,"href":"https:\/\/ormafood.com\/index.php\/wp-json\/wp\/v2\/product_brand?post=7237"},{"taxonomy":"product_cat","embeddable":true,"href":"https:\/\/ormafood.com\/index.php\/wp-json\/wp\/v2\/product_cat?post=7237"},{"taxonomy":"product_tag","embeddable":true,"href":"https:\/\/ormafood.com\/index.php\/wp-json\/wp\/v2\/product_tag?post=7237"}],"curies":[{"name":"wp","href":"https:\/\/api.w.org\/{rel}","templated":true}]}}