{"id":7602,"date":"2025-05-12T22:20:22","date_gmt":"2025-05-12T19:20:22","guid":{"rendered":"http:\/\/ormafood.com\/?page_id=7602"},"modified":"2025-05-12T22:20:23","modified_gmt":"2025-05-12T19:20:23","slug":"uyelik-sozlesmesi","status":"publish","type":"page","link":"https:\/\/ormafood.com\/index.php\/uyelik-sozlesmesi\/","title":{"rendered":"\u00dcyelik S\u00f6zle\u015fmesi"},"content":{"rendered":"\n<p>Bu s\u00f6zle\u015fme,&nbsp;<a class=\"\" href=\"http:\/\/www.ormafood.com\/\">www.ormafood.com<\/a>&nbsp;internet sitesine \u00fcye olan ki\u015fi (bundan sonra \u201c\u00dcYE\u201d olarak an\u0131lacakt\u0131r) ile siteyi i\u015fleten&nbsp;<strong>ORMA FOOD LTD. \u015eT\u0130.<\/strong>&nbsp;(bundan sonra \u201cSATICI\u201d olarak an\u0131lacakt\u0131r) aras\u0131nda, elektronik ortamda \u00fcyelik s\u00fcreci tamamland\u0131\u011f\u0131nda y\u00fcr\u00fcrl\u00fc\u011fe girer.<\/p>\n\n\n\n<p><strong>1. TARAFLAR<\/strong><\/p>\n\n\n\n<p><strong>SATICI:<\/strong><br>Unvan: ORMA FOOD LTD. \u015eT\u0130.<br>Adres: 2. Organize Sanayi B\u00f6lgesi 2. Cadde No:11 Ye\u015filyurt \/ Malatya \/ T\u00fcrkiye<br>Telefon: 0 533 147 43 83<br>E-posta:&nbsp;<a>orma@ormafood.com<\/a><br>Web:&nbsp;<a class=\"\" href=\"http:\/\/www.ormafood.com\/\">www.ormafood.com<\/a><\/p>\n\n\n\n<p><strong>\u00dcYE:<\/strong><br>Ad\u0131-Soyad\u0131 \/ Firma \u00dcnvan\u0131: [\u00dcYE B\u0130LG\u0130LER\u0130]<br>E-posta: [\u00dcYE E-POSTASI]<br>Telefon: [\u00dcYE TELEFONU]<br>Adres: [\u00dcYE ADRES\u0130]<\/p>\n\n\n\n<p><strong>2. KONU VE AMA\u00c7<\/strong><br>Bu s\u00f6zle\u015fmenin konusu, \u00dcYE\u2019nin&nbsp;<a class=\"\" href=\"http:\/\/www.ormafood.com\/\">www.ormafood.com<\/a>&nbsp;internet sitesine \u00fcye olurken sa\u011flad\u0131\u011f\u0131 bilgilerin kullan\u0131m\u0131 ve \u00fcyelik ko\u015fullar\u0131n\u0131n d\u00fczenlenmesidir.<\/p>\n\n\n\n<p><strong>3. \u00dcYEN\u0130N HAK VE Y\u00dcK\u00dcML\u00dcL\u00dcKLER\u0130<\/strong><\/p>\n\n\n\n<ul class=\"wp-block-list\">\n<li>\u00dcYE, kay\u0131t s\u0131ras\u0131nda verdi\u011fi bilgilerin do\u011fru oldu\u011funu beyan eder.<\/li>\n\n\n\n<li>\u00dcYE, \u00fcyelik bilgilerini gizli tutmakla y\u00fck\u00fcml\u00fcd\u00fcr.<\/li>\n\n\n\n<li>\u00dcYE,\u00a0<a class=\"\" href=\"http:\/\/www.ormafood.com\/\">www.ormafood.com<\/a>\u00a0\u00fczerinden ger\u00e7ekle\u015ftirdi\u011fi t\u00fcm i\u015flemlerden kendisi sorumludur.<\/li>\n\n\n\n<li>\u00dcYE, siteyi yasalara ve genel ahlak kurallar\u0131na ayk\u0131r\u0131 \u015fekilde kullanamaz.<\/li>\n<\/ul>\n\n\n\n<p><strong>4. SATICININ HAK VE Y\u00dcK\u00dcML\u00dcL\u00dcKLER\u0130<\/strong><\/p>\n\n\n\n<ul class=\"wp-block-list\">\n<li>SATICI, \u00dcYE taraf\u0131ndan beyan edilen bilgileri gizli tutar ve \u00fc\u00e7\u00fcnc\u00fc ki\u015filerle payla\u015fmaz (yasal y\u00fck\u00fcml\u00fcl\u00fckler hari\u00e7).<\/li>\n\n\n\n<li>SATICI, gerekli g\u00f6rd\u00fc\u011f\u00fc durumlarda \u00dcYE\u2019nin \u00fcyeli\u011fini ask\u0131ya alabilir veya iptal edebilir.<\/li>\n<\/ul>\n\n\n\n<p><strong>5. S\u0130STEM G\u00dcVENL\u0130\u011e\u0130<\/strong><br>SATICI, sistemin g\u00fcvenli\u011fi i\u00e7in gerekli \u00f6nlemleri al\u0131r. Ancak \u00dcYE\u2019nin kendi cihaz\u0131 ve ba\u011flant\u0131s\u0131ndan do\u011fabilecek g\u00fcvenlik a\u00e7\u0131klar\u0131ndan sorumlu de\u011fildir.<\/p>\n\n\n\n<p><strong>6. S\u00d6ZLE\u015eMEN\u0130N S\u00dcRES\u0130 VE FES\u0130H<\/strong><br>\u0130\u015fbu s\u00f6zle\u015fme, \u00dcYE taraf\u0131ndan elektronik ortamda kabul edildi\u011fi anda y\u00fcr\u00fcrl\u00fc\u011fe girer. \u00dcYE, diledi\u011fi zaman \u00fcyeli\u011fini sonland\u0131rabilir. SATICI da, gerekli g\u00f6rd\u00fc\u011f\u00fc hallerde \u00fcyeli\u011fi tek tarafl\u0131 olarak iptal edebilir.<\/p>\n\n\n\n<p><strong>7. YETK\u0130L\u0130 MAHKEME<\/strong><br>Bu s\u00f6zle\u015fmeden do\u011fabilecek ihtilaflarda Malatya T\u00fcketici Hakem Heyetleri ve T\u00fcketici Mahkemeleri yetkilidir.<\/p>\n\n\n\n<p><strong>8. Y\u00dcR\u00dcRL\u00dcK<\/strong><br>\u00dcYE,&nbsp;<a>www.ormafood.com\u2019a<\/a>&nbsp;kay\u0131t olarak i\u015fbu s\u00f6zle\u015fme h\u00fck\u00fcmlerini okudu\u011funu, anlad\u0131\u011f\u0131n\u0131 ve t\u00fcm h\u00fck\u00fcmlerini kabul etti\u011fini beyan eder.<\/p>\n","protected":false},"excerpt":{"rendered":"<p>Bu s\u00f6zle\u015fme,&nbsp;www.ormafood.com&nbsp;internet sitesine \u00fcye olan ki\u015fi (bundan sonra \u201c\u00dcYE\u201d olarak an\u0131lacakt\u0131r) ile siteyi i\u015fleten&nbsp;ORMA FOOD LTD. \u015eT\u0130.&nbsp;(bundan sonra \u201cSATICI\u201d olarak an\u0131lacakt\u0131r) aras\u0131nda, elektronik ortamda \u00fcyelik s\u00fcreci tamamland\u0131\u011f\u0131nda y\u00fcr\u00fcrl\u00fc\u011fe girer. 1. TARAFLAR SATICI:Unvan: ORMA FOOD LTD. \u015eT\u0130.Adres: 2. Organize Sanayi B\u00f6lgesi 2. Cadde No:11 Ye\u015filyurt \/ Malatya \/ T\u00fcrkiyeTelefon: 0 533 147 43 83E-posta:&nbsp;orma@ormafood.comWeb:&nbsp;www.ormafood.com \u00dcYE:Ad\u0131-Soyad\u0131 \/ Firma \u00dcnvan\u0131: [\u00dcYE B\u0130LG\u0130LER\u0130]E-posta: [\u00dcYE\u2026<\/p>\n","protected":false},"author":1,"featured_media":0,"parent":0,"menu_order":0,"comment_status":"closed","ping_status":"closed","template":"","meta":{"footnotes":""},"class_list":["post-7602","page","type-page","status-publish","hentry"],"_links":{"self":[{"href":"https:\/\/ormafood.com\/index.php\/wp-json\/wp\/v2\/pages\/7602","targetHints":{"allow":["GET"]}}],"collection":[{"href":"https:\/\/ormafood.com\/index.php\/wp-json\/wp\/v2\/pages"}],"about":[{"href":"https:\/\/ormafood.com\/index.php\/wp-json\/wp\/v2\/types\/page"}],"author":[{"embeddable":true,"href":"https:\/\/ormafood.com\/index.php\/wp-json\/wp\/v2\/users\/1"}],"replies":[{"embeddable":true,"href":"https:\/\/ormafood.com\/index.php\/wp-json\/wp\/v2\/comments?post=7602"}],"version-history":[{"count":1,"href":"https:\/\/ormafood.com\/index.php\/wp-json\/wp\/v2\/pages\/7602\/revisions"}],"predecessor-version":[{"id":7603,"href":"https:\/\/ormafood.com\/index.php\/wp-json\/wp\/v2\/pages\/7602\/revisions\/7603"}],"wp:attachment":[{"href":"https:\/\/ormafood.com\/index.php\/wp-json\/wp\/v2\/media?parent=7602"}],"curies":[{"name":"wp","href":"https:\/\/api.w.org\/{rel}","templated":true}]}}