{"id":7594,"date":"2025-05-12T22:16:51","date_gmt":"2025-05-12T19:16:51","guid":{"rendered":"http:\/\/ormafood.com\/?page_id=7594"},"modified":"2025-05-12T22:16:51","modified_gmt":"2025-05-12T19:16:51","slug":"site-kullanim-sartlari","status":"publish","type":"page","link":"https:\/\/ormafood.com\/index.php\/site-kullanim-sartlari\/","title":{"rendered":"Site Kullan\u0131m \u015eartlar\u0131"},"content":{"rendered":"\n<p>L\u00fctfen&nbsp;<a class=\"\" href=\"http:\/\/www.ormafood.com\/\">www.ormafood.com<\/a>&nbsp;web sitesini kullanmadan \u00f6nce a\u015fa\u011f\u0131da yer alan kullan\u0131m \u015fartlar\u0131n\u0131 dikkatlice okuyunuz. Bu siteye eri\u015fim sa\u011flad\u0131\u011f\u0131n\u0131zda, a\u015fa\u011f\u0131daki ko\u015fullar\u0131 kabul etmi\u015f say\u0131l\u0131rs\u0131n\u0131z.<\/p>\n\n\n\n<p><strong>1. GENEL H\u00dcK\u00dcMLER<\/strong><br>Bu internet sitesi ORMA FOOD LTD. \u015eT\u0130.\u2019ye aittir ve site \u00fczerindeki her t\u00fcrl\u00fc kullan\u0131m hakk\u0131 firmam\u0131za aittir. Siteye giren ya da al\u0131\u015fveri\u015f yapan her kullan\u0131c\u0131, bu kullan\u0131m ko\u015fullar\u0131n\u0131 kabul etmi\u015f say\u0131l\u0131r.<\/p>\n\n\n\n<p><strong>2. H\u0130ZMET TANIMI<\/strong><br><a class=\"\" href=\"http:\/\/www.ormafood.com\/\">www.ormafood.com<\/a>&nbsp;sitesi \u00fczerinden Orma Food taraf\u0131ndan \u00fcretilen kuru meyve ve meyve suyu gibi g\u0131da \u00fcr\u00fcnlerinin tan\u0131t\u0131m\u0131 ve sat\u0131\u015f\u0131 yap\u0131l\u0131r.<\/p>\n\n\n\n<p><strong>3. KULLANICI Y\u00dcK\u00dcML\u00dcL\u00dcKLER\u0130<\/strong><\/p>\n\n\n\n<ul class=\"wp-block-list\">\n<li>Siteyi yaln\u0131zca yasal ama\u00e7larla kullanaca\u011f\u0131n\u0131z\u0131 kabul edersiniz.<\/li>\n\n\n\n<li>Ba\u015fkalar\u0131n\u0131n kullan\u0131m\u0131n\u0131 engelleyecek ya da zarar verecek hi\u00e7bir davran\u0131\u015fta bulunamazs\u0131n\u0131z.<\/li>\n\n\n\n<li>Yan\u0131lt\u0131c\u0131, yanl\u0131\u015f veya \u00fc\u00e7\u00fcnc\u00fc \u015fah\u0131slar\u0131n haklar\u0131n\u0131 ihlal eden bilgi payla\u015famazs\u0131n\u0131z.<\/li>\n<\/ul>\n\n\n\n<p><strong>4. F\u0130K\u0130R VE SANAT ESERLER\u0130 HAKKI<\/strong><br><a class=\"\" href=\"http:\/\/www.ormafood.com\/\">www.ormafood.com<\/a>&nbsp;sitesinde yer alan t\u00fcm g\u00f6rsel, yaz\u0131l\u0131 ve dijital i\u00e7erikler ORMA FOOD LTD. \u015eT\u0130.\u2019nin m\u00fclkiyetindedir. Yaz\u0131l\u0131 izin al\u0131nmadan kopyalanamaz, \u00e7o\u011falt\u0131lamaz, da\u011f\u0131t\u0131lamaz.<\/p>\n\n\n\n<p><strong>5. S\u0130TEDEK\u0130 DE\u011e\u0130\u015e\u0130KL\u0130KLER<\/strong><br>Orma Food, site i\u00e7eri\u011finde \u00f6nceden haber vermeksizin de\u011fi\u015fiklik yapma hakk\u0131n\u0131 sakl\u0131 tutar. Bu de\u011fi\u015fiklikler yay\u0131nland\u0131\u011f\u0131 andan itibaren ge\u00e7erli olur.<\/p>\n\n\n\n<p><strong>6. SORUMLULUK REDD\u0130<\/strong><br>Siteye giri\u015finizden veya kullan\u0131m\u0131n\u0131zdan do\u011fabilecek herhangi bir do\u011frudan ya da dolayl\u0131 zarardan Orma Food sorumlu tutulamaz. T\u00fcm \u00fcr\u00fcn bilgileri bilgilendirme ama\u00e7l\u0131d\u0131r, \u00fcr\u00fcn etiketleri ve a\u00e7\u0131klamalar\u0131 esas al\u0131nmal\u0131d\u0131r.<\/p>\n\n\n\n<p><strong>7. YETK\u0130L\u0130 MAHKEME<\/strong><br>\u0130\u015fbu kullan\u0131m \u015fartlar\u0131 T\u00fcrk Hukuku\u2019na tabi olup, do\u011fabilecek ihtilaflarda Malatya Mahkemeleri ve \u0130cra Daireleri yetkilidir.<\/p>\n","protected":false},"excerpt":{"rendered":"<p>L\u00fctfen&nbsp;www.ormafood.com&nbsp;web sitesini kullanmadan \u00f6nce a\u015fa\u011f\u0131da yer alan kullan\u0131m \u015fartlar\u0131n\u0131 dikkatlice okuyunuz. Bu siteye eri\u015fim sa\u011flad\u0131\u011f\u0131n\u0131zda, a\u015fa\u011f\u0131daki ko\u015fullar\u0131 kabul etmi\u015f say\u0131l\u0131rs\u0131n\u0131z. 1. GENEL H\u00dcK\u00dcMLERBu internet sitesi ORMA FOOD LTD. \u015eT\u0130.\u2019ye aittir ve site \u00fczerindeki her t\u00fcrl\u00fc kullan\u0131m hakk\u0131 firmam\u0131za aittir. Siteye giren ya da al\u0131\u015fveri\u015f yapan her kullan\u0131c\u0131, bu kullan\u0131m ko\u015fullar\u0131n\u0131 kabul etmi\u015f say\u0131l\u0131r. 2. H\u0130ZMET TANIMIwww.ormafood.com&nbsp;sitesi \u00fczerinden Orma Food taraf\u0131ndan\u2026<\/p>\n","protected":false},"author":1,"featured_media":0,"parent":0,"menu_order":0,"comment_status":"closed","ping_status":"closed","template":"","meta":{"footnotes":""},"class_list":["post-7594","page","type-page","status-publish","hentry"],"_links":{"self":[{"href":"https:\/\/ormafood.com\/index.php\/wp-json\/wp\/v2\/pages\/7594","targetHints":{"allow":["GET"]}}],"collection":[{"href":"https:\/\/ormafood.com\/index.php\/wp-json\/wp\/v2\/pages"}],"about":[{"href":"https:\/\/ormafood.com\/index.php\/wp-json\/wp\/v2\/types\/page"}],"author":[{"embeddable":true,"href":"https:\/\/ormafood.com\/index.php\/wp-json\/wp\/v2\/users\/1"}],"replies":[{"embeddable":true,"href":"https:\/\/ormafood.com\/index.php\/wp-json\/wp\/v2\/comments?post=7594"}],"version-history":[{"count":1,"href":"https:\/\/ormafood.com\/index.php\/wp-json\/wp\/v2\/pages\/7594\/revisions"}],"predecessor-version":[{"id":7595,"href":"https:\/\/ormafood.com\/index.php\/wp-json\/wp\/v2\/pages\/7594\/revisions\/7595"}],"wp:attachment":[{"href":"https:\/\/ormafood.com\/index.php\/wp-json\/wp\/v2\/media?parent=7594"}],"curies":[{"name":"wp","href":"https:\/\/api.w.org\/{rel}","templated":true}]}}